{"id":56,"date":"2024-10-03T14:08:30","date_gmt":"2024-10-03T14:08:30","guid":{"rendered":"https:\/\/learemeilobke.8d-games.nl\/?page_id=56"},"modified":"2024-11-14T13:17:15","modified_gmt":"2024-11-14T13:17:15","slug":"56-2","status":"publish","type":"page","link":"https:\/\/learemeilobke.8d-games.nl\/","title":{"rendered":""},"content":{"rendered":"\n<div class=\"wp-block-columns alignwide is-layout-flex wp-container-core-columns-is-layout-28f84493 wp-block-columns-is-layout-flex\">\n<div class=\"wp-block-column is-layout-flow wp-block-column-is-layout-flow\">\n<div class=\"wp-block-group has-global-padding is-layout-constrained wp-block-group-is-layout-constrained\" style=\"margin-bottom:var(--wp--preset--spacing--30)\">\n<figure class=\"wp-block-image size-full\"><img loading=\"lazy\" decoding=\"async\" width=\"1000\" height=\"422\" src=\"https:\/\/learemeilobke.8d-games.nl\/wp-content\/uploads\/2024\/10\/logo_big.webp\" alt=\"\" class=\"wp-image-131\" srcset=\"https:\/\/learemeilobke.8d-games.nl\/wp-content\/uploads\/2024\/10\/logo_big.webp 1000w, https:\/\/learemeilobke.8d-games.nl\/wp-content\/uploads\/2024\/10\/logo_big-300x127.webp 300w, https:\/\/learemeilobke.8d-games.nl\/wp-content\/uploads\/2024\/10\/logo_big-768x324.webp 768w\" sizes=\"auto, (max-width: 1000px) 100vw, 1000px\" \/><\/figure>\n<\/div>\n\n\n\n<div class=\"wp-block-group is-layout-flow wp-container-core-group-is-layout-f3c7fa73 wp-block-group-is-layout-flow\" style=\"padding-top:0;padding-bottom:0\">\n<div class=\"wp-block-group has-background is-layout-grid wp-container-core-group-is-layout-feac75bd wp-block-group-is-layout-grid\" style=\"border-style:none;border-width:0px;border-radius:25px;background-color:#9971a382;padding-top:var(--wp--preset--spacing--20);padding-right:var(--wp--preset--spacing--20);padding-bottom:var(--wp--preset--spacing--20);padding-left:var(--wp--preset--spacing--20)\">\n<div class=\"wp-block-group has-border-color wp-container-content-64aeeb98 is-layout-grid wp-container-core-group-is-layout-d96d21ef wp-block-group-is-layout-grid\" style=\"border-color:#30055e;border-width:15px;border-radius:15px;min-height:0px;margin-top:0;margin-bottom:0;padding-top:0;padding-right:0;padding-bottom:0;padding-left:0\">\n<h6 class=\"wp-block-heading has-text-align-center is-style-default info-title-partners has-text-color has-background has-link-color wp-elements-7a73c6a00a4c02605c8f82c7c2c0dd69 wp-container-content-64aeeb98\" style=\"color:#ffffff;background-color:#30055e;margin-bottom:0;padding-top:var(--wp--preset--spacing--10);padding-bottom:var(--wp--preset--spacing--10)\"><strong>Mei mooglik makke troch &nbsp; &nbsp; | &nbsp; &nbsp; Mede mogelijk gemaakt door<\/strong><\/h6>\n<\/div>\n\n\n\n<div class=\"wp-block-group is-layout-grid wp-container-core-group-is-layout-29271053 wp-block-group-is-layout-grid\">\n<figure class=\"wp-block-image size-medium has-custom-border is-style-rounded is-style-rounded--1\"><a class=\"\" href=\"https:\/\/www.fryslan.frl\/\" target=\"_blank\" rel=\"noopener\"><img loading=\"lazy\" decoding=\"async\" width=\"300\" height=\"168\" src=\"https:\/\/learemeilobke.8d-games.nl\/wp-content\/uploads\/2024\/10\/logo_1-300x168.png\" alt=\"\" class=\"wp-image-67\" style=\"border-style:none;border-width:0px\" srcset=\"https:\/\/learemeilobke.8d-games.nl\/wp-content\/uploads\/2024\/10\/logo_1-300x168.png 300w, https:\/\/learemeilobke.8d-games.nl\/wp-content\/uploads\/2024\/10\/logo_1-768x429.png 768w, https:\/\/learemeilobke.8d-games.nl\/wp-content\/uploads\/2024\/10\/logo_1.png 1024w\" sizes=\"auto, (max-width: 300px) 100vw, 300px\" \/><\/a><\/figure>\n\n\n\n<figure class=\"wp-block-image size-large has-custom-border is-style-rounded is-style-rounded--2\"><a href=\"https:\/\/www.afuk.dk\/\" target=\"_blank\" rel=\"noopener\"><img loading=\"lazy\" decoding=\"async\" width=\"1024\" height=\"572\" src=\"https:\/\/learemeilobke.8d-games.nl\/wp-content\/uploads\/2024\/10\/logo_2.png\" alt=\"\" class=\"wp-image-68\" style=\"border-style:none;border-width:0px\" srcset=\"https:\/\/learemeilobke.8d-games.nl\/wp-content\/uploads\/2024\/10\/logo_2.png 1024w, https:\/\/learemeilobke.8d-games.nl\/wp-content\/uploads\/2024\/10\/logo_2-300x168.png 300w, https:\/\/learemeilobke.8d-games.nl\/wp-content\/uploads\/2024\/10\/logo_2-768x429.png 768w\" sizes=\"auto, (max-width: 1024px) 100vw, 1024px\" \/><\/a><\/figure>\n\n\n\n<figure class=\"wp-block-image size-medium is-style-rounded is-style-rounded--3\"><a href=\"https:\/\/www.sfbo.nl\/nl\" target=\"_blank\" rel=\"noopener\"><img loading=\"lazy\" decoding=\"async\" width=\"300\" height=\"168\" src=\"https:\/\/learemeilobke.8d-games.nl\/wp-content\/uploads\/2024\/10\/logo_3-300x168.png\" alt=\"\" class=\"wp-image-69\" srcset=\"https:\/\/learemeilobke.8d-games.nl\/wp-content\/uploads\/2024\/10\/logo_3-300x168.png 300w, https:\/\/learemeilobke.8d-games.nl\/wp-content\/uploads\/2024\/10\/logo_3-768x429.png 768w, https:\/\/learemeilobke.8d-games.nl\/wp-content\/uploads\/2024\/10\/logo_3.png 1024w\" sizes=\"auto, (max-width: 300px) 100vw, 300px\" \/><\/a><\/figure>\n\n\n\n<figure class=\"wp-block-image size-large is-style-rounded is-style-rounded--4\"><a href=\"https:\/\/www.8d-games.nl\/\" target=\"_blank\" rel=\"noopener\"><img loading=\"lazy\" decoding=\"async\" width=\"1024\" height=\"572\" src=\"https:\/\/learemeilobke.8d-games.nl\/wp-content\/uploads\/2024\/10\/logo_4.png\" alt=\"\" class=\"wp-image-70\" srcset=\"https:\/\/learemeilobke.8d-games.nl\/wp-content\/uploads\/2024\/10\/logo_4.png 1024w, https:\/\/learemeilobke.8d-games.nl\/wp-content\/uploads\/2024\/10\/logo_4-300x168.png 300w, https:\/\/learemeilobke.8d-games.nl\/wp-content\/uploads\/2024\/10\/logo_4-768x429.png 768w\" sizes=\"auto, (max-width: 1024px) 100vw, 1024px\" \/><\/a><\/figure>\n<\/div>\n<\/div>\n<\/div>\n\n\n\n<div class=\"wp-block-group has-background has-global-padding is-layout-constrained wp-container-core-group-is-layout-c385debf wp-block-group-is-layout-constrained\" style=\"border-style:none;border-width:0px;border-radius:25px;background-color:#9971a382;padding-top:var(--wp--preset--spacing--20);padding-right:var(--wp--preset--spacing--20);padding-bottom:var(--wp--preset--spacing--20);padding-left:var(--wp--preset--spacing--20)\">\n<div class=\"wp-block-group has-border-color has-background is-layout-grid wp-container-core-group-is-layout-feac75bd wp-block-group-is-layout-grid\" style=\"border-color:#ffffff;border-width:15px;border-radius:15px;background-color:#ffffff;padding-top:var(--wp--preset--spacing--20);padding-right:var(--wp--preset--spacing--20);padding-bottom:var(--wp--preset--spacing--20);padding-left:var(--wp--preset--spacing--20)\">\n<div class=\"wp-block-group has-text-color has-link-color wp-elements-7beaec09859b63fe86f08c3abc56cd6a has-global-padding is-layout-constrained wp-block-group-is-layout-constrained\" style=\"color:#30055e;margin-bottom:var(--wp--preset--spacing--30);padding-top:var(--wp--preset--spacing--10);padding-bottom:var(--wp--preset--spacing--10)\">\n<h3 class=\"wp-block-heading has-text-color has-link-color wp-elements-a09c3b832c4b93996e77a343ca79f19c\" style=\"color:#30055e\">Wolkom op de webside fan Lobke!<\/h3>\n\n\n\n<p>Jo hawwe op dizze side twa mooglikheden.<\/p>\n\n\n\n<ol class=\"wp-block-list\">\n<li>Jo kinne it edukative spul &#8220;Lobke&#8221; spylje op jo tablet, telefoan of kompj\u00fbter. It duorret 5 minuten en ferjit net it l\u00fbd oan te setten.<\/li>\n\n\n\n<li>Nei \u00f4frin fan it spul freegje wy jo om in koarte fragelist yn te foljen foar it \u00fbndersyk nei it stypjen en it beh\u00e2lden fan de Fryske taal en kultuer troch edukative multymedia.<\/li>\n<\/ol>\n<\/div>\n\n\n\n<div class=\"wp-block-group has-text-color has-link-color wp-elements-717085a083ee6ecabe14038f43187461 has-global-padding is-layout-constrained wp-block-group-is-layout-constrained\" style=\"color:#30055e;margin-bottom:0\">\n<h3 class=\"wp-block-heading has-text-color has-link-color wp-elements-3271e0a2ce56a8268a39520b4c203eea\" style=\"color:#30055e\">Welkom op de website van Lobke!<\/h3>\n\n\n\n<p class=\"wp-container-content-69bc4bdf\">U kunt het educatieve spel &#8220;Lobke&#8221; spelen op uw tablet, telefoon of computer.<\/p>\n\n\n\n<ol class=\"wp-block-list\">\n<li>U kunt het educatieve spel &#8220;Lobke&#8221; spelen op uw tablet, telefoon of computer. Het duurt 5 minuten en vergeet niet het geluid aan te zetten.<\/li>\n\n\n\n<li>Na afloop van het spel vragen we u een korte vragenlijst in te vullen ten behoeve van het onderzoek naar het ondersteunen en het behouden van de Friese taal en cultuur middels educatieve multimedia.<\/li>\n<\/ol>\n<\/div>\n<\/div>\n<\/div>\n<\/div>\n\n\n\n<div class=\"wp-block-column is-layout-flow wp-block-column-is-layout-flow\" style=\"flex-basis:50%\">\n<figure class=\"wp-block-image aligncenter size-full\"><img loading=\"lazy\" decoding=\"async\" width=\"1000\" height=\"1785\" src=\"https:\/\/learemeilobke.8d-games.nl\/wp-content\/uploads\/2024\/10\/promo.webp\" alt=\"\" class=\"wp-image-153\" srcset=\"https:\/\/learemeilobke.8d-games.nl\/wp-content\/uploads\/2024\/10\/promo.webp 1000w, https:\/\/learemeilobke.8d-games.nl\/wp-content\/uploads\/2024\/10\/promo-168x300.webp 168w, https:\/\/learemeilobke.8d-games.nl\/wp-content\/uploads\/2024\/10\/promo-574x1024.webp 574w, https:\/\/learemeilobke.8d-games.nl\/wp-content\/uploads\/2024\/10\/promo-768x1371.webp 768w, https:\/\/learemeilobke.8d-games.nl\/wp-content\/uploads\/2024\/10\/promo-861x1536.webp 861w\" sizes=\"auto, (max-width: 1000px) 100vw, 1000px\" \/><\/figure>\n\n\n\n<div class=\"wp-block-group has-background has-global-padding is-layout-constrained wp-container-core-group-is-layout-c385debf wp-block-group-is-layout-constrained\" style=\"border-style:none;border-width:0px;border-radius:25px;background-color:#9971a382;padding-top:var(--wp--preset--spacing--20);padding-right:var(--wp--preset--spacing--20);padding-bottom:var(--wp--preset--spacing--20);padding-left:var(--wp--preset--spacing--20)\">\n<div class=\"wp-block-group has-border-color has-background is-layout-grid wp-container-core-group-is-layout-feac75bd wp-block-group-is-layout-grid\" style=\"border-color:#ffffff;border-width:15px;border-radius:15px;background-color:#ffffff;padding-top:var(--wp--preset--spacing--20);padding-right:var(--wp--preset--spacing--20);padding-bottom:var(--wp--preset--spacing--20);padding-left:var(--wp--preset--spacing--20)\">\n<div class=\"wp-block-group has-text-color has-link-color wp-elements-bfda9f67a1ba810a45050d3b69efd872 has-global-padding is-layout-constrained wp-block-group-is-layout-constrained\" style=\"color:#30055e;margin-bottom:var(--wp--preset--spacing--30)\">\n<h2 class=\"wp-block-heading has-text-align-center has-text-color has-link-color wp-elements-02619f5577a3cb05191ba4675ece34cc\" style=\"color:#30055e\"><strong>It spul en de fragelist!<br>Het spel en de vragenlijst!<\/strong><\/h2>\n<\/div>\n\n\n\n<div class=\"wp-block-group has-global-padding is-layout-constrained wp-block-group-is-layout-constrained\">\n<div class=\"wp-block-group is-layout-grid wp-container-core-group-is-layout-e2bd5cb0 wp-block-group-is-layout-grid\">\n<div class=\"wp-block-buttons is-horizontal is-content-justification-space-between is-layout-flex wp-container-core-buttons-is-layout-f200d7a0 wp-block-buttons-is-layout-flex\">\n<div class=\"wp-block-button is-style-outline is-style-outline--6\"><a class=\"wp-block-button__link has-text-color has-background has-link-color has-border-color has-text-align-center wp-element-button\" href=\"https:\/\/gd.games\/instant-builds\/e999280c-f2ae-4264-8970-918baf44568c\" style=\"border-color:#1b0c73;border-width:2px;border-radius:100px;color:#ffffff;background:linear-gradient(180deg,rgb(168,69,159) 0%,rgb(27,12,115) 100%);padding-top:var(--wp--preset--spacing--20);padding-right:var(--wp--preset--spacing--40);padding-bottom:var(--wp--preset--spacing--20);padding-left:var(--wp--preset--spacing--40)\" target=\"_blank\" rel=\"noopener noreferrer noopener\"><strong>Spylje it spul!<\/strong><br><strong>Speel het spel!<\/strong><\/a><\/div>\n\n\n\n<div class=\"wp-block-button is-style-outline is-style-outline--7\"><a class=\"wp-block-button__link has-text-color has-background has-link-color has-border-color has-text-align-center wp-element-button\" href=\"https:\/\/docs.google.com\/forms\/d\/e\/1FAIpQLSenWbSnCHujdUg8otCznXpsBTAe7u-i0s1yKi5dfFpDpouWXg\/viewform\" style=\"border-color:#1b0c73;border-width:2px;border-radius:100px;color:#ffffff;background:linear-gradient(180deg,rgb(168,69,159) 0%,rgb(27,12,115) 100%);padding-top:var(--wp--preset--spacing--20);padding-right:var(--wp--preset--spacing--40);padding-bottom:var(--wp--preset--spacing--20);padding-left:var(--wp--preset--spacing--40)\" target=\"_blank\" rel=\"noopener\"><strong>Folje de fragelist yn!<br>Vul de vragenlijst in!<\/strong><\/a><\/div>\n<\/div>\n<\/div>\n<\/div>\n<\/div>\n<\/div>\n<\/div>\n<\/div>\n\n\n\n<p><\/p>\n","protected":false},"excerpt":{"rendered":"<p>Mei mooglik makke troch &nbsp; &nbsp; | &nbsp; &nbsp; Mede mogelijk gemaakt door Wolkom op de webside fan Lobke! Jo hawwe op dizze side twa mooglikheden. Welkom op de website van Lobke! U kunt het educatieve spel &#8220;Lobke&#8221; spelen op uw tablet, telefoon of computer. It spul en de fragelist!Het spel en de vragenlijst!<\/p>\n","protected":false},"author":1,"featured_media":0,"parent":0,"menu_order":0,"comment_status":"closed","ping_status":"closed","template":"","meta":{"footnotes":""},"class_list":["post-56","page","type-page","status-publish","hentry"],"yoast_head":"<!-- This site is optimized with the Yoast SEO plugin v23.5 - https:\/\/yoast.com\/wordpress\/plugins\/seo\/ -->\n<title>- Mede mogelijk gemaakt door<\/title>\n<meta name=\"robots\" content=\"index, follow, max-snippet:-1, max-image-preview:large, max-video-preview:-1\" \/>\n<link rel=\"canonical\" href=\"https:\/\/learemeilobke.8d-games.nl\/\" \/>\n<meta property=\"og:locale\" content=\"en_US\" \/>\n<meta property=\"og:type\" content=\"article\" \/>\n<meta property=\"og:title\" content=\"- Mede mogelijk gemaakt door\" \/>\n<meta property=\"og:description\" content=\"Mei mooglik makke troch &nbsp; &nbsp; | &nbsp; &nbsp; Mede mogelijk gemaakt door Wolkom op de webside fan Lobke! Jo hawwe op dizze side twa mooglikheden. Welkom op de website van Lobke! U kunt het educatieve spel &#8220;Lobke&#8221; spelen op uw tablet, telefoon of computer. It spul en de fragelist!Het spel en de vragenlijst!\" \/>\n<meta property=\"og:url\" content=\"https:\/\/learemeilobke.8d-games.nl\/\" \/>\n<meta property=\"og:site_name\" content=\"Mede mogelijk gemaakt door\" \/>\n<meta property=\"article:modified_time\" content=\"2024-11-14T13:17:15+00:00\" \/>\n<meta property=\"og:image\" content=\"https:\/\/learemeilobke.8d-games.nl\/wp-content\/uploads\/2024\/10\/logo_big.webp\" \/>\n<meta name=\"twitter:card\" content=\"summary_large_image\" \/>\n<meta name=\"twitter:label1\" content=\"Est. reading time\" \/>\n\t<meta name=\"twitter:data1\" content=\"2 minutes\" \/>\n<script type=\"application\/ld+json\" class=\"yoast-schema-graph\">{\"@context\":\"https:\/\/schema.org\",\"@graph\":[{\"@type\":\"WebPage\",\"@id\":\"https:\/\/learemeilobke.8d-games.nl\/\",\"url\":\"https:\/\/learemeilobke.8d-games.nl\/\",\"name\":\"- Mede mogelijk gemaakt door\",\"isPartOf\":{\"@id\":\"https:\/\/learemeilobke.8d-games.nl\/#website\"},\"primaryImageOfPage\":{\"@id\":\"https:\/\/learemeilobke.8d-games.nl\/#primaryimage\"},\"image\":{\"@id\":\"https:\/\/learemeilobke.8d-games.nl\/#primaryimage\"},\"thumbnailUrl\":\"https:\/\/learemeilobke.8d-games.nl\/wp-content\/uploads\/2024\/10\/logo_big.webp\",\"datePublished\":\"2024-10-03T14:08:30+00:00\",\"dateModified\":\"2024-11-14T13:17:15+00:00\",\"inLanguage\":\"en-US\",\"potentialAction\":[{\"@type\":\"ReadAction\",\"target\":[\"https:\/\/learemeilobke.8d-games.nl\/\"]}]},{\"@type\":\"ImageObject\",\"inLanguage\":\"en-US\",\"@id\":\"https:\/\/learemeilobke.8d-games.nl\/#primaryimage\",\"url\":\"https:\/\/learemeilobke.8d-games.nl\/wp-content\/uploads\/2024\/10\/logo_big.webp\",\"contentUrl\":\"https:\/\/learemeilobke.8d-games.nl\/wp-content\/uploads\/2024\/10\/logo_big.webp\",\"width\":1000,\"height\":422},{\"@type\":\"WebSite\",\"@id\":\"https:\/\/learemeilobke.8d-games.nl\/#website\",\"url\":\"https:\/\/learemeilobke.8d-games.nl\/\",\"name\":\"Mede mogelijk gemaakt door\",\"description\":\"&quot;Mei mooglik makke troch&quot;\",\"potentialAction\":[{\"@type\":\"SearchAction\",\"target\":{\"@type\":\"EntryPoint\",\"urlTemplate\":\"https:\/\/learemeilobke.8d-games.nl\/?s={search_term_string}\"},\"query-input\":{\"@type\":\"PropertyValueSpecification\",\"valueRequired\":true,\"valueName\":\"search_term_string\"}}],\"inLanguage\":\"en-US\"}]}<\/script>\n<!-- \/ Yoast SEO plugin. -->","yoast_head_json":{"title":"- Mede mogelijk gemaakt door","robots":{"index":"index","follow":"follow","max-snippet":"max-snippet:-1","max-image-preview":"max-image-preview:large","max-video-preview":"max-video-preview:-1"},"canonical":"https:\/\/learemeilobke.8d-games.nl\/","og_locale":"en_US","og_type":"article","og_title":"- Mede mogelijk gemaakt door","og_description":"Mei mooglik makke troch &nbsp; &nbsp; | &nbsp; &nbsp; Mede mogelijk gemaakt door Wolkom op de webside fan Lobke! Jo hawwe op dizze side twa mooglikheden. Welkom op de website van Lobke! U kunt het educatieve spel &#8220;Lobke&#8221; spelen op uw tablet, telefoon of computer. It spul en de fragelist!Het spel en de vragenlijst!","og_url":"https:\/\/learemeilobke.8d-games.nl\/","og_site_name":"Mede mogelijk gemaakt door","article_modified_time":"2024-11-14T13:17:15+00:00","og_image":[{"url":"https:\/\/learemeilobke.8d-games.nl\/wp-content\/uploads\/2024\/10\/logo_big.webp"}],"twitter_card":"summary_large_image","twitter_misc":{"Est. reading time":"2 minutes"},"schema":{"@context":"https:\/\/schema.org","@graph":[{"@type":"WebPage","@id":"https:\/\/learemeilobke.8d-games.nl\/","url":"https:\/\/learemeilobke.8d-games.nl\/","name":"- Mede mogelijk gemaakt door","isPartOf":{"@id":"https:\/\/learemeilobke.8d-games.nl\/#website"},"primaryImageOfPage":{"@id":"https:\/\/learemeilobke.8d-games.nl\/#primaryimage"},"image":{"@id":"https:\/\/learemeilobke.8d-games.nl\/#primaryimage"},"thumbnailUrl":"https:\/\/learemeilobke.8d-games.nl\/wp-content\/uploads\/2024\/10\/logo_big.webp","datePublished":"2024-10-03T14:08:30+00:00","dateModified":"2024-11-14T13:17:15+00:00","inLanguage":"en-US","potentialAction":[{"@type":"ReadAction","target":["https:\/\/learemeilobke.8d-games.nl\/"]}]},{"@type":"ImageObject","inLanguage":"en-US","@id":"https:\/\/learemeilobke.8d-games.nl\/#primaryimage","url":"https:\/\/learemeilobke.8d-games.nl\/wp-content\/uploads\/2024\/10\/logo_big.webp","contentUrl":"https:\/\/learemeilobke.8d-games.nl\/wp-content\/uploads\/2024\/10\/logo_big.webp","width":1000,"height":422},{"@type":"WebSite","@id":"https:\/\/learemeilobke.8d-games.nl\/#website","url":"https:\/\/learemeilobke.8d-games.nl\/","name":"Mede mogelijk gemaakt door","description":"&quot;Mei mooglik makke troch&quot;","potentialAction":[{"@type":"SearchAction","target":{"@type":"EntryPoint","urlTemplate":"https:\/\/learemeilobke.8d-games.nl\/?s={search_term_string}"},"query-input":{"@type":"PropertyValueSpecification","valueRequired":true,"valueName":"search_term_string"}}],"inLanguage":"en-US"}]}},"_links":{"self":[{"href":"https:\/\/learemeilobke.8d-games.nl\/index.php?rest_route=\/wp\/v2\/pages\/56","targetHints":{"allow":["GET"]}}],"collection":[{"href":"https:\/\/learemeilobke.8d-games.nl\/index.php?rest_route=\/wp\/v2\/pages"}],"about":[{"href":"https:\/\/learemeilobke.8d-games.nl\/index.php?rest_route=\/wp\/v2\/types\/page"}],"author":[{"embeddable":true,"href":"https:\/\/learemeilobke.8d-games.nl\/index.php?rest_route=\/wp\/v2\/users\/1"}],"replies":[{"embeddable":true,"href":"https:\/\/learemeilobke.8d-games.nl\/index.php?rest_route=%2Fwp%2Fv2%2Fcomments&post=56"}],"version-history":[{"count":86,"href":"https:\/\/learemeilobke.8d-games.nl\/index.php?rest_route=\/wp\/v2\/pages\/56\/revisions"}],"predecessor-version":[{"id":173,"href":"https:\/\/learemeilobke.8d-games.nl\/index.php?rest_route=\/wp\/v2\/pages\/56\/revisions\/173"}],"wp:attachment":[{"href":"https:\/\/learemeilobke.8d-games.nl\/index.php?rest_route=%2Fwp%2Fv2%2Fmedia&parent=56"}],"curies":[{"name":"wp","href":"https:\/\/api.w.org\/{rel}","templated":true}]}}